{"id":4966,"date":"2025-01-15T16:27:40","date_gmt":"2025-01-15T08:27:40","guid":{"rendered":"https:\/\/todd-led.com\/?post_type=product&#038;p=4966"},"modified":"2025-08-19T12:59:13","modified_gmt":"2025-08-19T04:59:13","slug":"constant-current-compact-led-driver-dali-nfc-15w-100-700ma","status":"publish","type":"product","link":"https:\/\/todd-led.com\/es\/producto\/constant-current-compact-led-driver-dali-nfc-15w-100-700ma\/","title":{"rendered":"Driver LED compacto de corriente constante DALI NFC 15w 100-700ma"},"content":{"rendered":"<ul>\n<li>La carcasa est\u00e1 fabricada con materiales de PC ign\u00edfugos V0 de COVESTRO.<\/li>\n<li>Tama\u00f1o reducido y peso ligero. Amplia gama de l\u00e1mparas aplicables.<\/li>\n<li>Controlador LED de clase 2, tensi\u00f3n extra baja de seguridad (SELV).<\/li>\n<li>La innovadora tecnolog\u00eda de gesti\u00f3n t\u00e9rmica protege de forma inteligente la vida \u00fatil del controlador LED.<\/li>\n<li>Protecci\u00f3n contra sobrecalentamiento, sobrecarga y cortocircuito y recuperaci\u00f3n autom\u00e1tica.<\/li>\n<\/ul>","protected":false},"excerpt":{"rendered":"<ul>\n<li>La carcasa est\u00e1 fabricada con materiales de PC ign\u00edfugos V0 de COVESTRO.<\/li>\n<li>Tama\u00f1o reducido y peso ligero. Amplia gama de l\u00e1mparas aplicables.<\/li>\n<li>Controlador LED de clase 2, tensi\u00f3n extra baja de seguridad (SELV).<\/li>\n<li>La innovadora tecnolog\u00eda de gesti\u00f3n t\u00e9rmica protege de forma inteligente la vida \u00fatil del controlador LED.<\/li>\n<li>Protecci\u00f3n contra sobrecalentamiento, sobrecarga y cortocircuito y recuperaci\u00f3n autom\u00e1tica.<\/li>\n<li>Hasta 50.000 horas de vida \u00fatil.<\/li>\n<li>5 a\u00f1os de garant\u00eda (condensador AiSHi).<\/li>\n<\/ul>","protected":false},"featured_media":23007,"template":"","meta":{"site-sidebar-layout":"no-sidebar","site-content-layout":"page-builder","ast-site-content-layout":"normal-width-container","site-content-style":"unboxed","site-sidebar-style":"unboxed","ast-global-header-display":"","ast-banner-title-visibility":"","ast-main-header-display":"","ast-hfb-above-header-display":"","ast-hfb-below-header-display":"","ast-hfb-mobile-header-display":"","site-post-title":"disabled","ast-breadcrumbs-content":"","ast-featured-img":"disabled","footer-sml-layout":"","theme-transparent-header-meta":"default","adv-header-id-meta":"","stick-header-meta":"","header-above-stick-meta":"","header-main-stick-meta":"","header-below-stick-meta":"","astra-migrate-meta-layouts":"set","ast-page-background-enabled":"default","ast-page-background-meta":{"desktop":{"background-color":"","background-image":"","background-repeat":"repeat","background-position":"center center","background-size":"auto","background-attachment":"scroll","background-type":"","background-media":"","overlay-type":"","overlay-color":"","overlay-gradient":""},"tablet":{"background-color":"","background-image":"","background-repeat":"repeat","background-position":"center center","background-size":"auto","background-attachment":"scroll","background-type":"","background-media":"","overlay-type":"","overlay-color":"","overlay-gradient":""},"mobile":{"background-color":"","background-image":"","background-repeat":"repeat","background-position":"center center","background-size":"auto","background-attachment":"scroll","background-type":"","background-media":"","overlay-type":"","overlay-color":"","overlay-gradient":""}},"ast-content-background-meta":{"desktop":{"background-color":"var(--ast-global-color-5)","background-image":"","background-repeat":"repeat","background-position":"center center","background-size":"auto","background-attachment":"scroll","background-type":"","background-media":"","overlay-type":"","overlay-color":"","overlay-gradient":""},"tablet":{"background-color":"var(--ast-global-color-5)","background-image":"","background-repeat":"repeat","background-position":"center center","background-size":"auto","background-attachment":"scroll","background-type":"","background-media":"","overlay-type":"","overlay-color":"","overlay-gradient":""},"mobile":{"background-color":"var(--ast-global-color-5)","background-image":"","background-repeat":"repeat","background-position":"center center","background-size":"auto","background-attachment":"scroll","background-type":"","background-media":"","overlay-type":"","overlay-color":"","overlay-gradient":""}}},"product_cat":[15,57],"product_tag":[],"class_list":{"0":"post-4966","1":"product","2":"type-product","3":"status-publish","4":"has-post-thumbnail","6":"product_cat-products","7":"product_cat-compact-drivers","8":"desktop-align-left","9":"tablet-align-left","10":"mobile-align-left","12":"first","13":"instock","14":"downloadable","15":"shipping-taxable","16":"product-type-simple"},"_links":{"self":[{"href":"https:\/\/todd-led.com\/es\/wp-json\/wp\/v2\/product\/4966","targetHints":{"allow":["GET"]}}],"collection":[{"href":"https:\/\/todd-led.com\/es\/wp-json\/wp\/v2\/product"}],"about":[{"href":"https:\/\/todd-led.com\/es\/wp-json\/wp\/v2\/types\/product"}],"version-history":[{"count":6,"href":"https:\/\/todd-led.com\/es\/wp-json\/wp\/v2\/product\/4966\/revisions"}],"predecessor-version":[{"id":5165,"href":"https:\/\/todd-led.com\/es\/wp-json\/wp\/v2\/product\/4966\/revisions\/5165"}],"wp:featuredmedia":[{"embeddable":true,"href":"https:\/\/todd-led.com\/es\/wp-json\/wp\/v2\/media\/23007"}],"wp:attachment":[{"href":"https:\/\/todd-led.com\/es\/wp-json\/wp\/v2\/media?parent=4966"}],"wp:term":[{"taxonomy":"product_cat","embeddable":true,"href":"https:\/\/todd-led.com\/es\/wp-json\/wp\/v2\/product_cat?post=4966"},{"taxonomy":"product_tag","embeddable":true,"href":"https:\/\/todd-led.com\/es\/wp-json\/wp\/v2\/product_tag?post=4966"}],"curies":[{"name":"wp","href":"https:\/\/api.w.org\/{rel}","templated":true}]}}