{"id":4846,"date":"2025-01-15T14:17:17","date_gmt":"2025-01-15T06:17:17","guid":{"rendered":"https:\/\/todd-led.com\/?post_type=product&#038;p=4846"},"modified":"2025-08-19T13:01:30","modified_gmt":"2025-08-19T05:01:30","slug":"constant-current-compact-led-drivers-7w","status":"publish","type":"product","link":"https:\/\/todd-led.com\/fi\/tuote\/constant-current-compact-led-drivers-7w\/","title":{"rendered":"Vakiovirtaiset kompaktit led-ajurit 7w 100-700ma"},"content":{"rendered":"<div data-elementor-type=\"product-post\" data-elementor-id=\"4846\" class=\"elementor elementor-4846\" data-elementor-post-type=\"product\">\n\t\t\t\t<div class=\"elementor-element elementor-element-cc29d2a e-flex e-con-boxed e-con e-parent\" data-id=\"cc29d2a\" data-element_type=\"container\">\n\t\t\t\t\t<div class=\"e-con-inner\">\n\t\t\t\t<div class=\"elementor-element elementor-element-f0e6002 elementor-widget elementor-widget-text-editor\" data-id=\"f0e6002\" data-element_type=\"widget\" data-widget_type=\"text-editor.default\">\n\t\t\t\t<div class=\"elementor-widget-container\">\n\t\t\t\t\t\t\t\t\t<p>\u00a0 \u00a0 Nimesimme t\u00e4m\u00e4n Constant Current -kompaktit led-ajurit S-051-C7W100-700 CC-SARJAKSI.<span style=\"font-style: inherit; font-weight: inherit; text-align: var(--text-align); background-color: var(--ast-global-color-4); color: var(--ast-global-color-3);\">S\u00e4hk\u00f6laitteemme on varustettu useilla t\u00e4rkeill\u00e4 suojaustoiminnoilla: ylikuormitussuojaus, oikosulkusuojaus ja SELV.<\/span><\/p>\t\t\t\t\t\t\t\t<\/div>\n\t\t\t\t<\/div>\n\t\t\t\t\t<\/div>\n\t\t\t\t<\/div>\n\t\t<div class=\"elementor-element elementor-element-979d270 e-flex e-con-boxed e-con e-parent\" data-id=\"979d270\" data-element_type=\"container\">\n\t\t\t\t\t<div class=\"e-con-inner\">\n\t\t\t\t<div class=\"elementor-element elementor-element-f627455 elementor-widget elementor-widget-image\" data-id=\"f627455\" data-element_type=\"widget\" data-widget_type=\"image.default\">\n\t\t\t\t<div class=\"elementor-widget-container\">\n\t\t\t\t\t\t\t\t\t\t\t\t\t\t\t<img fetchpriority=\"high\" decoding=\"async\" width=\"2000\" height=\"2000\" src=\"https:\/\/todd-led.com\/wp-content\/uploads\/2025\/01\/T051C7W100-700.png\" class=\"attachment-2048x2048 size-2048x2048 wp-image-23017\" alt=\"\" srcset=\"https:\/\/todd-led.com\/wp-content\/uploads\/2025\/01\/T051C7W100-700.png 2000w, https:\/\/todd-led.com\/wp-content\/uploads\/2025\/01\/T051C7W100-700-300x300.png 300w, https:\/\/todd-led.com\/wp-content\/uploads\/2025\/01\/T051C7W100-700-1024x1024.png 1024w, https:\/\/todd-led.com\/wp-content\/uploads\/2025\/01\/T051C7W100-700-150x150.png 150w, https:\/\/todd-led.com\/wp-content\/uploads\/2025\/01\/T051C7W100-700-768x768.png 768w, https:\/\/todd-led.com\/wp-content\/uploads\/2025\/01\/T051C7W100-700-1536x1536.png 1536w, https:\/\/todd-led.com\/wp-content\/uploads\/2025\/01\/T051C7W100-700-12x12.png 12w, https:\/\/todd-led.com\/wp-content\/uploads\/2025\/01\/T051C7W100-700-600x600.png 600w, https:\/\/todd-led.com\/wp-content\/uploads\/2025\/01\/T051C7W100-700-100x100.png 100w\" sizes=\"(max-width: 2000px) 100vw, 2000px\" \/>\t\t\t\t\t\t\t\t\t\t\t\t\t\t\t<\/div>\n\t\t\t\t<\/div>\n\t\t\t\t\t<\/div>\n\t\t\t\t<\/div>\n\t\t<div class=\"elementor-element elementor-element-4f87a8c e-flex e-con-boxed e-con e-parent\" data-id=\"4f87a8c\" data-element_type=\"container\">\n\t\t\t\t\t<div class=\"e-con-inner\">\n\t\t<div class=\"elementor-element elementor-element-91ffb3e e-con-full e-flex e-con e-child\" data-id=\"91ffb3e\" data-element_type=\"container\">\n\t\t\t\t<div class=\"elementor-element elementor-element-27e54cf elementor-widget elementor-widget-image\" data-id=\"27e54cf\" data-element_type=\"widget\" data-widget_type=\"image.default\">\n\t\t\t\t<div class=\"elementor-widget-container\">\n\t\t\t\t\t\t\t\t\t\t\t\t\t\t\t<img decoding=\"async\" width=\"2048\" height=\"1048\" src=\"https:\/\/todd-led.com\/wp-content\/uploads\/2025\/01\/051-7w100-700-2048x1048.png\" class=\"attachment-2048x2048 size-2048x2048 wp-image-4890\" alt=\"\" srcset=\"https:\/\/todd-led.com\/wp-content\/uploads\/2025\/01\/051-7w100-700-2048x1048.png 2048w, https:\/\/todd-led.com\/wp-content\/uploads\/2025\/01\/051-7w100-700-300x154.png 300w, https:\/\/todd-led.com\/wp-content\/uploads\/2025\/01\/051-7w100-700-1024x524.png 1024w, https:\/\/todd-led.com\/wp-content\/uploads\/2025\/01\/051-7w100-700-768x393.png 768w, https:\/\/todd-led.com\/wp-content\/uploads\/2025\/01\/051-7w100-700-1536x786.png 1536w, https:\/\/todd-led.com\/wp-content\/uploads\/2025\/01\/051-7w100-700-18x9.png 18w, https:\/\/todd-led.com\/wp-content\/uploads\/2025\/01\/051-7w100-700-600x307.png 600w\" sizes=\"(max-width: 2048px) 100vw, 2048px\" \/>\t\t\t\t\t\t\t\t\t\t\t\t\t\t\t<\/div>\n\t\t\t\t<\/div>\n\t\t\t\t<\/div>\n\t\t<div class=\"elementor-element elementor-element-ddff940 e-con-full e-flex e-con e-child\" data-id=\"ddff940\" data-element_type=\"container\">\n\t\t\t\t<div class=\"elementor-element elementor-element-48fb626 elementor-widget elementor-widget-heading\" data-id=\"48fb626\" data-element_type=\"widget\" data-widget_type=\"heading.default\">\n\t\t\t\t<div class=\"elementor-widget-container\">\n\t\t\t\t\t<h4 class=\"elementor-heading-title elementor-size-default\">TEKNISET ERITTELYT<\/h4>\t\t\t\t<\/div>\n\t\t\t\t<\/div>\n\t\t\t\t<div class=\"elementor-element elementor-element-be049af elementor-widget elementor-widget-text-editor\" data-id=\"be049af\" data-element_type=\"widget\" data-widget_type=\"text-editor.default\">\n\t\t\t\t<div class=\"elementor-widget-container\">\n\t\t\t\t\t\t\t\t\t<p>Tuloj\u00e4nnite 220-240VAC<br \/>Taajuus 0\/50\/60Hz<br \/>Tehokerroin \u22650,88 <br \/>virran aaltoilu (&lt; 120 Hz) \u00b13%<\/p>\t\t\t\t\t\t\t\t<\/div>\n\t\t\t\t<\/div>\n\t\t\t\t<div class=\"elementor-element elementor-element-77ed601 elementor-widget elementor-widget-heading\" data-id=\"77ed601\" data-element_type=\"widget\" data-widget_type=\"heading.default\">\n\t\t\t\t<div class=\"elementor-widget-container\">\n\t\t\t\t\t<h5 class=\"elementor-heading-title elementor-size-default\">ASUNTOJEN OMINAISUUDET<\/h5>\t\t\t\t<\/div>\n\t\t\t\t<\/div>\n\t\t\t\t<div class=\"elementor-element elementor-element-3fb3bea elementor-widget elementor-widget-text-editor\" data-id=\"3fb3bea\" data-element_type=\"widget\" data-widget_type=\"text-editor.default\">\n\t\t\t\t<div class=\"elementor-widget-container\">\n\t\t\t\t\t\t\t\t\t<p>IP-luokka IP20<br \/>Eristysluokka II<br \/>Sis\u00e4\u00e4nrakennettu\/riippumaton<br \/>51.6x29x18mm<\/p>\t\t\t\t\t\t\t\t<\/div>\n\t\t\t\t<\/div>\n\t\t\t\t<\/div>\n\t\t\t\t\t<\/div>\n\t\t\t\t<\/div>\n\t\t<div class=\"elementor-element elementor-element-157b64d e-flex e-con-boxed e-con e-parent\" data-id=\"157b64d\" data-element_type=\"container\">\n\t\t\t\t\t<div class=\"e-con-inner\">\n\t\t\t\t<div class=\"elementor-element elementor-element-dd33ae6 elementor-widget elementor-widget-image\" data-id=\"dd33ae6\" data-element_type=\"widget\" data-widget_type=\"image.default\">\n\t\t\t\t<div class=\"elementor-widget-container\">\n\t\t\t\t\t\t\t\t\t\t\t\t\t\t\t<img decoding=\"async\" width=\"2048\" height=\"1084\" src=\"https:\/\/todd-led.com\/wp-content\/uploads\/2025\/01\/2-2048x1084.png\" class=\"attachment-2048x2048 size-2048x2048 wp-image-4943\" alt=\"\" srcset=\"https:\/\/todd-led.com\/wp-content\/uploads\/2025\/01\/2-2048x1084.png 2048w, https:\/\/todd-led.com\/wp-content\/uploads\/2025\/01\/2-300x159.png 300w, https:\/\/todd-led.com\/wp-content\/uploads\/2025\/01\/2-1024x542.png 1024w, https:\/\/todd-led.com\/wp-content\/uploads\/2025\/01\/2-768x407.png 768w, https:\/\/todd-led.com\/wp-content\/uploads\/2025\/01\/2-1536x813.png 1536w, https:\/\/todd-led.com\/wp-content\/uploads\/2025\/01\/2-18x10.png 18w, https:\/\/todd-led.com\/wp-content\/uploads\/2025\/01\/2-600x318.png 600w\" sizes=\"(max-width: 2048px) 100vw, 2048px\" \/>\t\t\t\t\t\t\t\t\t\t\t\t\t\t\t<\/div>\n\t\t\t\t<\/div>\n\t\t\t\t\t<\/div>\n\t\t\t\t<\/div>\n\t\t<div class=\"elementor-element elementor-element-47a13c3 e-flex e-con-boxed e-con e-parent\" data-id=\"47a13c3\" data-element_type=\"container\">\n\t\t\t\t\t<div class=\"e-con-inner\">\n\t\t\t\t<div class=\"elementor-element elementor-element-f88bd7f elementor-widget elementor-widget-image\" data-id=\"f88bd7f\" data-element_type=\"widget\" data-widget_type=\"image.default\">\n\t\t\t\t<div class=\"elementor-widget-container\">\n\t\t\t\t\t\t\t\t\t\t\t\t\t\t\t<img loading=\"lazy\" decoding=\"async\" width=\"2048\" height=\"869\" src=\"https:\/\/todd-led.com\/wp-content\/uploads\/2025\/01\/3-2048x869.png\" class=\"attachment-2048x2048 size-2048x2048 wp-image-4945\" alt=\"\" srcset=\"https:\/\/todd-led.com\/wp-content\/uploads\/2025\/01\/3-2048x869.png 2048w, https:\/\/todd-led.com\/wp-content\/uploads\/2025\/01\/3-300x127.png 300w, https:\/\/todd-led.com\/wp-content\/uploads\/2025\/01\/3-1024x434.png 1024w, https:\/\/todd-led.com\/wp-content\/uploads\/2025\/01\/3-768x326.png 768w, https:\/\/todd-led.com\/wp-content\/uploads\/2025\/01\/3-1536x652.png 1536w, https:\/\/todd-led.com\/wp-content\/uploads\/2025\/01\/3-18x8.png 18w, https:\/\/todd-led.com\/wp-content\/uploads\/2025\/01\/3-600x255.png 600w\" sizes=\"(max-width: 2048px) 100vw, 2048px\" \/>\t\t\t\t\t\t\t\t\t\t\t\t\t\t\t<\/div>\n\t\t\t\t<\/div>\n\t\t\t\t\t<\/div>\n\t\t\t\t<\/div>\n\t\t\t\t<\/div>","protected":false},"excerpt":{"rendered":"<ul>\n<li>Tuloteho \u22649.4W max<\/li>\n<li>Kotelo on valmistettu COVESTROn V0-luokan palosuojattua PC-materiaalia.<\/li>\n<li>Pieni koko ja kevyt paino. Laaja valikoima sovellettavia lamppuja.<\/li>\n<li>Luokan 2 LED-ohjain, eritt\u00e4in matalaj\u00e4nnitteinen (SELV).<\/li>\n<li>Innovatiivinen l\u00e4mm\u00f6nhallintatekniikka suojaa \u00e4lykk\u00e4\u00e4sti LED-ohjaimen k\u00e4ytt\u00f6ik\u00e4\u00e4.<\/li>\n<li>Ylikuumenemis-, ylikuormitus- ja oikosulkusuojaus sek\u00e4 automaattinen palautuminen.<\/li>\n<li>Jopa 50 000 tunnin k\u00e4ytt\u00f6ik\u00e4.<\/li>\n<li>5 vuoden takuu (AiSHi-kondensaattori).<\/li>\n<\/ul>","protected":false},"featured_media":23017,"template":"","meta":{"site-sidebar-layout":"default","site-content-layout":"","ast-site-content-layout":"default","site-content-style":"default","site-sidebar-style":"default","ast-global-header-display":"","ast-banner-title-visibility":"","ast-main-header-display":"","ast-hfb-above-header-display":"","ast-hfb-below-header-display":"","ast-hfb-mobile-header-display":"","site-post-title":"","ast-breadcrumbs-content":"","ast-featured-img":"","footer-sml-layout":"","theme-transparent-header-meta":"default","adv-header-id-meta":"","stick-header-meta":"","header-above-stick-meta":"","header-main-stick-meta":"","header-below-stick-meta":"","astra-migrate-meta-layouts":"set","ast-page-background-enabled":"default","ast-page-background-meta":{"desktop":{"background-color":"","background-image":"","background-repeat":"repeat","background-position":"center center","background-size":"auto","background-attachment":"scroll","background-type":"","background-media":"","overlay-type":"","overlay-color":"","overlay-gradient":""},"tablet":{"background-color":"","background-image":"","background-repeat":"repeat","background-position":"center center","background-size":"auto","background-attachment":"scroll","background-type":"","background-media":"","overlay-type":"","overlay-color":"","overlay-gradient":""},"mobile":{"background-color":"","background-image":"","background-repeat":"repeat","background-position":"center center","background-size":"auto","background-attachment":"scroll","background-type":"","background-media":"","overlay-type":"","overlay-color":"","overlay-gradient":""}},"ast-content-background-meta":{"desktop":{"background-color":"var(--ast-global-color-5)","background-image":"","background-repeat":"repeat","background-position":"center center","background-size":"auto","background-attachment":"scroll","background-type":"","background-media":"","overlay-type":"","overlay-color":"","overlay-gradient":""},"tablet":{"background-color":"var(--ast-global-color-5)","background-image":"","background-repeat":"repeat","background-position":"center center","background-size":"auto","background-attachment":"scroll","background-type":"","background-media":"","overlay-type":"","overlay-color":"","overlay-gradient":""},"mobile":{"background-color":"var(--ast-global-color-5)","background-image":"","background-repeat":"repeat","background-position":"center center","background-size":"auto","background-attachment":"scroll","background-type":"","background-media":"","overlay-type":"","overlay-color":"","overlay-gradient":""}}},"product_cat":[15,57],"product_tag":[],"class_list":{"0":"post-4846","1":"product","2":"type-product","3":"status-publish","4":"has-post-thumbnail","6":"product_cat-products","7":"product_cat-compact-drivers","8":"desktop-align-left","9":"tablet-align-left","10":"mobile-align-left","12":"first","13":"instock","14":"downloadable","15":"shipping-taxable","16":"purchasable","17":"product-type-simple"},"_links":{"self":[{"href":"https:\/\/todd-led.com\/fi\/wp-json\/wp\/v2\/product\/4846","targetHints":{"allow":["GET"]}}],"collection":[{"href":"https:\/\/todd-led.com\/fi\/wp-json\/wp\/v2\/product"}],"about":[{"href":"https:\/\/todd-led.com\/fi\/wp-json\/wp\/v2\/types\/product"}],"version-history":[{"count":30,"href":"https:\/\/todd-led.com\/fi\/wp-json\/wp\/v2\/product\/4846\/revisions"}],"predecessor-version":[{"id":23023,"href":"https:\/\/todd-led.com\/fi\/wp-json\/wp\/v2\/product\/4846\/revisions\/23023"}],"wp:featuredmedia":[{"embeddable":true,"href":"https:\/\/todd-led.com\/fi\/wp-json\/wp\/v2\/media\/23017"}],"wp:attachment":[{"href":"https:\/\/todd-led.com\/fi\/wp-json\/wp\/v2\/media?parent=4846"}],"wp:term":[{"taxonomy":"product_cat","embeddable":true,"href":"https:\/\/todd-led.com\/fi\/wp-json\/wp\/v2\/product_cat?post=4846"},{"taxonomy":"product_tag","embeddable":true,"href":"https:\/\/todd-led.com\/fi\/wp-json\/wp\/v2\/product_tag?post=4846"}],"curies":[{"name":"wp","href":"https:\/\/api.w.org\/{rel}","templated":true}]}}